{"id":15,"date":"2018-11-14T15:33:15","date_gmt":"2018-11-14T14:33:15","guid":{"rendered":"http:\/\/aktuell.bertl-zagst.de\/?page_id=15"},"modified":"2022-10-04T18:09:15","modified_gmt":"2022-10-04T16:09:15","slug":"ausstellungsbeteiligungen","status":"publish","type":"page","link":"http:\/\/aktuell.bertl-zagst.de\/?page_id=15","title":{"rendered":"Ausstellungsbeteiligungen"},"content":{"rendered":"<p id=\"ueberschrift\"><strong>ausstellungsbeteiligungen bis 2008 !<\/strong><\/p>\n<p>2008<br \/>\ntrawallje, ahbke im Bahnw\u00e4rterhaus Esslingen<\/p>\n<p>Galerieverein Wendlingen<\/p>\n<p>2007<\/p>\n<p>Zehntscheuer M\u00fcnsingen<\/p>\n<p>2004<\/p>\n<p>Kunst in der Region, Kreuzkirche N\u00fcrtingen<\/p>\n<p>Galerie Lang Biberach<\/p>\n<p>2001<br \/>\nJahresausstellung Kunstverein Kirchheim<\/p>\n<p>2000<br \/>\n&#8222;Tor zur Alb&#8220;: Jumelage Rambouillet \u2013 Kirchheim<br \/>\n&#8222;4 in Esslingen&#8220;, Schw\u00f6rhaus Esslingen<\/p>\n<p>1999<\/p>\n<p>Rathaus S\u00fc\u00dfen<\/p>\n<p>Kunstpreis der Kreissparkasse Esslingen<\/p>\n<p>1998<br \/>\nKirchheimer Kreissparkasse<br \/>\nKirchheim Jumelage Kirchheim \u2013 Rambouillet<\/p>\n<p>1997<br \/>\nJumelage Rambouillet<br \/>\nLandratsamt Esslingen<br \/>\nKunstpreis der Kreissparkasse Esslingen<br \/>\nKunstverein Kirchheim in Heilbronn<\/p>\n<p>1996<\/p>\n<p>Kornhaus Kirchheim<\/p>\n<p>Jahresausstellung des Kirchheimer Kunstvereins<\/p>\n<p>1993<br \/>\n&#8222;10 Jahre Kunstverein Kirchheim&#8220;<\/p>\n<p>1989 &#8211; 1995<\/p>\n<p>&#8222;cairo-Berlin &#8211; Gallery&#8220; Cairo<\/p>\n<p>Galerie Kr\u00f6ger, Kirchheim<\/p>\n<p>1987\/88<br \/>\nJahresausstellung des Kirchheimer Kunstvereins<\/p>\n<p>1986 -1987<br \/>\nJahresausstellung des W\u00fcrttembergischen Kunstvereins, Stuttgart<\/p>\n<p>1985 &#8211; 1987<br \/>\nJumelage Rambouillet\/Paris<\/p>\n<p>1976<br \/>\nStudierende der Klasse Hoflehner Akademie der Bildenden K\u00fcnste Stuttgart<\/p>\n<p>1973 &#8211; 1986<br \/>\nKunstmesse Esslingen, N\u00fcrtingen, Kirchheim<\/p>\n","protected":false},"excerpt":{"rendered":"<p>ausstellungsbeteiligungen bis 2008 ! 2008 trawallje, ahbke im Bahnw\u00e4rterhaus Esslingen Galerieverein Wendlingen 2007 Zehntscheuer M\u00fcnsingen 2004 Kunst in der Region, Kreuzkirche N\u00fcrtingen Galerie Lang Biberach 2001 Jahresausstellung Kunstverein Kirchheim 2000 &#8222;Tor zur Alb&#8220;: Jumelage Rambouillet \u2013 Kirchheim &#8222;4 in Esslingen&#8220;, Schw\u00f6rhaus Esslingen 1999 Rathaus S\u00fc\u00dfen Kunstpreis der Kreissparkasse Esslingen 1998&#8230;<\/p>\n<div class=\"more-link-wrapper\"><a class=\"more-link\" href=\"http:\/\/aktuell.bertl-zagst.de\/?page_id=15\">Zum Beitrag<span class=\"screen-reader-text\">Ausstellungsbeteiligungen<\/span><\/a><\/div>\n","protected":false},"author":1,"featured_media":0,"parent":0,"menu_order":0,"comment_status":"closed","ping_status":"closed","template":"","meta":{"footnotes":""},"class_list":["post-15","page","type-page","status-publish","hentry","entry"],"_links":{"self":[{"href":"http:\/\/aktuell.bertl-zagst.de\/index.php?rest_route=\/wp\/v2\/pages\/15","targetHints":{"allow":["GET"]}}],"collection":[{"href":"http:\/\/aktuell.bertl-zagst.de\/index.php?rest_route=\/wp\/v2\/pages"}],"about":[{"href":"http:\/\/aktuell.bertl-zagst.de\/index.php?rest_route=\/wp\/v2\/types\/page"}],"author":[{"embeddable":true,"href":"http:\/\/aktuell.bertl-zagst.de\/index.php?rest_route=\/wp\/v2\/users\/1"}],"replies":[{"embeddable":true,"href":"http:\/\/aktuell.bertl-zagst.de\/index.php?rest_route=%2Fwp%2Fv2%2Fcomments&post=15"}],"version-history":[{"count":4,"href":"http:\/\/aktuell.bertl-zagst.de\/index.php?rest_route=\/wp\/v2\/pages\/15\/revisions"}],"predecessor-version":[{"id":1136,"href":"http:\/\/aktuell.bertl-zagst.de\/index.php?rest_route=\/wp\/v2\/pages\/15\/revisions\/1136"}],"wp:attachment":[{"href":"http:\/\/aktuell.bertl-zagst.de\/index.php?rest_route=%2Fwp%2Fv2%2Fmedia&parent=15"}],"curies":[{"name":"wp","href":"https:\/\/api.w.org\/{rel}","templated":true}]}}